{"id":95,"date":"2017-01-01T23:14:28","date_gmt":"2017-01-01T23:14:28","guid":{"rendered":"http:\/\/thebookonexcellence.com\/esp\/?page_id=95"},"modified":"2019-08-09T15:23:50","modified_gmt":"2019-08-09T15:23:50","slug":"inicio","status":"publish","type":"page","link":"https:\/\/thebookonexcellence.com\/esp\/","title":{"rendered":"INICIO"},"content":{"rendered":"<h1>\n\t\tAdqui\u00e9relo\n\t<\/h1>\n\t\t\t\t<a href=\"https:\/\/www.amazon.es\/El-Libro-Excelencia-Memorable-Auto-Excelencia\/dp\/1541096487\" target=\"_blank\" rel=\"noopener nofollow\"  itemprop=\"url\">\n\t\t\t\t<img loading=\"lazy\" decoding=\"async\" src=\"http:\/\/thebookonexcellence.com\/esp\/wp-content\/uploads\/2019\/08\/boton-compraramazon.png\" alt=\"boton-compraramazon\" itemprop=\"image\" height=\"100\" width=\"300\" title=\"boton-compraramazon\" onerror=\"this.style.display='none'\"  \/>\n\t\t\t\t<\/a>\n\t\t\t\t<img loading=\"lazy\" decoding=\"async\" src=\"http:\/\/thebookonexcellence.com\/esp\/wp-content\/uploads\/2019\/08\/IpadespanolOK.png\" alt=\"IpadespanolOK\" itemprop=\"image\" height=\"642\" width=\"500\" title=\"IpadespanolOK\" onerror=\"this.style.display='none'\"  \/>\n<h1>\n\t\tLa Autora\n\t<\/h1>\n<p>Mylene Fernstr\u00f6m is an international speaker, consultant and specialist in Excellence. Her\u00a0mission is to contribute to a world of Excellence awakening the Excellence that we all carry inside. Conveying what characterizes all great people and businesses. Adding value to you and your company.<\/p>\n<p>&nbsp;<\/p>\n<p>According to Mylene: \u00abWe can all be Excellent, we all can be Extra-ordinary\u00bb.<\/p>\n<p>&nbsp;<\/p>\n<p>Mylene has had a lifetime commitment to Excellence. Especially at 19 years old, finishing her engineering studies, she made the decision to work only with companies who were\u00a0committed to excellence and were the best in their fields. In fact, she has 25 years of professional achievements and experience working in multinational companies such as 3M, Volvo Cars, Aker Kvaerner, Metso Power. In 1996 she was the winner of the Excellence Award in Volvo Cars.<\/p>\n\t\t\t\t<img loading=\"lazy\" decoding=\"async\" src=\"http:\/\/thebookonexcellence.com\/esp\/wp-content\/uploads\/2019\/08\/CoverESPok.jpg\" alt=\"CoverESPok\" itemprop=\"image\" height=\"561\" width=\"500\" title=\"CoverESPok\" onerror=\"this.style.display='none'\"  \/>\n<p>Mylene, Chemical Engineer and e-Commerce Manager from Colombia, in her pursuit for Excellence moved to Sweden as an exchange student in 1990 and has since lived there.<\/p>\n<p>&nbsp;<\/p>\n<p>Mylene is the founder of ExcellenceManagement.com. Excellence Management is the platform on which you can find, inspiration and examples. Here you can also ask for advice and tools that will serve to you to find your own and your company\u2019s Excellence. In this way you can be the best version of you and also go ahead of your competitors. You can be an amazing person and entrepreneur. You can be great and memorable!<\/p>\n<p>&nbsp;<\/p>\n<p>Mylene is convinced that together we can create high level companies, together we can create businesses of Excellence!<\/p>\n<h1>\n\t\tEl Libro\n\t<\/h1>\n<p>Este libro quiere llevarte a trav\u00e9s del camino de la excelencia. Hay mucha sabidur\u00eda, conocimiento, y la grandeza que se ha perdido. \u00bfPor qu\u00e9 no encontrarlas y hacerlas tus aliadas? \u00a1Porque esas son tus \u00e1reas de excelencia!<\/p>\n<p>Toda persona o empresa, todo emprendedor, gerente o empleado que quiera aprender c\u00f3mo ser excelente o aprender que es la excelencia y cu\u00e1les son las herramientas necesarias para tener una compa\u00f1\u00eda de excelencia debe tener este libro.<\/p>\n<p>Excelencia no es perfecci\u00f3n. Excelencia es progreso!<\/p>\n<p>Las compa\u00f1\u00edas que deseen lograr Culturas de Excelencia, lo lograr\u00e1n si aseguran la Excelencia Personal.<\/p>\n<p>Escrib\u00ed este libro porque luego de viajar a trav\u00e9s del mundo persiguiendo la excelencia, note que la excelencia exist\u00eda en mi y que no necesitaba compararme, copiar o envidiar a nadie m\u00e1s, solo puedo ser la mejor versi\u00f3n de mi misma.<\/p>\n<p>Mi deseo es empoderar la \u201cambici\u00f3n\u201d, mi deseo es empoderar los \u201cgrandes sue\u00f1os\u201d y as\u00ed contribuir a un mundo m\u00e1s bello lleno de Excelencia.<\/p>\n<p>Cuando superas tus propias expectativas y las de los dem\u00e1s, cuando tienes una mentalidad de Maestro, ser\u00e1s Memorable y por ello Excelente!<\/p>\n\t\t\t\t<img loading=\"lazy\" decoding=\"async\" src=\"http:\/\/thebookonexcellence.com\/esp\/wp-content\/uploads\/2019\/08\/comboESPok.jpg\" alt=\"comboESPok\" itemprop=\"image\" height=\"527\" width=\"1000\" title=\"comboESPok\" onerror=\"this.style.display='none'\"  \/>\n<h1>\n\t\tAdqui\u00e9relo\n\t<\/h1>\n\t\t\t\t<a href=\"https:\/\/www.amazon.es\/El-Libro-Excelencia-Memorable-Auto-Excelencia\/dp\/1541096487\" target=\"_blank\" rel=\"noopener nofollow\"  itemprop=\"url\">\n\t\t\t\t<img loading=\"lazy\" decoding=\"async\" src=\"http:\/\/thebookonexcellence.com\/esp\/wp-content\/uploads\/2019\/08\/boton-compraramazon.png\" alt=\"boton-compraramazon\" itemprop=\"image\" height=\"100\" width=\"300\" title=\"boton-compraramazon\" onerror=\"this.style.display='none'\"  \/>\n\t\t\t\t<\/a>\n<h3>\n\t\tPara dudas o alguna otra informaci\u00f3n\n\t<\/h3>\n","protected":false},"excerpt":{"rendered":"<p>Adqui\u00e9relo La Autora Mylene Fernstr\u00f6m is an international speaker, consultant and specialist in Excellence. Her\u00a0mission is to contribute to a world of Excellence awakening the Excellence that we all carry inside. Conveying what characterizes all great people and businesses. Adding value to you and your company. &nbsp; According to Mylene: \u00abWe can all be Excellent,&hellip;<\/p>\n","protected":false},"author":1,"featured_media":0,"parent":0,"menu_order":0,"comment_status":"closed","ping_status":"closed","template":"","meta":{"footnotes":""},"class_list":["post-95","page","type-page","status-publish","hentry"],"_links":{"self":[{"href":"https:\/\/thebookonexcellence.com\/esp\/wp-json\/wp\/v2\/pages\/95","targetHints":{"allow":["GET"]}}],"collection":[{"href":"https:\/\/thebookonexcellence.com\/esp\/wp-json\/wp\/v2\/pages"}],"about":[{"href":"https:\/\/thebookonexcellence.com\/esp\/wp-json\/wp\/v2\/types\/page"}],"author":[{"embeddable":true,"href":"https:\/\/thebookonexcellence.com\/esp\/wp-json\/wp\/v2\/users\/1"}],"replies":[{"embeddable":true,"href":"https:\/\/thebookonexcellence.com\/esp\/wp-json\/wp\/v2\/comments?post=95"}],"version-history":[{"count":17,"href":"https:\/\/thebookonexcellence.com\/esp\/wp-json\/wp\/v2\/pages\/95\/revisions"}],"predecessor-version":[{"id":145,"href":"https:\/\/thebookonexcellence.com\/esp\/wp-json\/wp\/v2\/pages\/95\/revisions\/145"}],"wp:attachment":[{"href":"https:\/\/thebookonexcellence.com\/esp\/wp-json\/wp\/v2\/media?parent=95"}],"curies":[{"name":"wp","href":"https:\/\/api.w.org\/{rel}","templated":true}]}}